{"id":391,"date":"2021-07-27T08:16:17","date_gmt":"2021-07-27T08:16:17","guid":{"rendered":"https:\/\/vieclamnganhang.vn\/blog\/?page_id=391"},"modified":"2023-05-15T03:31:18","modified_gmt":"2023-05-15T03:31:18","slug":"trang-chu","status":"publish","type":"page","link":"https:\/\/vieclamnganhang.vn\/blog\/","title":{"rendered":"Trang ch\u1ee7"},"content":{"rendered":"","protected":false},"excerpt":{"rendered":"","protected":false},"author":1,"featured_media":0,"parent":0,"menu_order":0,"comment_status":"closed","ping_status":"closed","template":"templates\/template-home.php","meta":{"om_disable_all_campaigns":false,"_monsterinsights_skip_tracking":false,"_monsterinsights_sitenote_active":false,"_monsterinsights_sitenote_note":"","_monsterinsights_sitenote_category":0,"cybocfi_hide_featured_image":"","footnotes":""},"class_list":["post-391","page","type-page","status-publish","hentry"],"yoast_head":"<!-- This site is optimized with the Yoast SEO plugin v24.5 - https:\/\/yoast.com\/wordpress\/plugins\/seo\/ -->\n<title>Vi\u1ec7c L\u00e0m Ng\u00e2n H\u00e0ng | T\u00ecm vi\u1ec7c l\u00e0m v\u00e0 Kinh nghi\u1ec7m l\u00e0m vi\u1ec7c<\/title>\n<meta name=\"description\" content=\"N\u01a1i t\u1eadp trung c\u00e1c chia s\u1ebb c\u00e1c kinh nghi\u1ec7m l\u00e0m vi\u1ec7c v\u00e0 nh\u1eefng th\u00f4ng tin m\u1edbi nh\u1ea5t v\u1ec1 c\u00e1c c\u00f4ng vi\u1ec7c h\u1ea5p d\u1eabn trong ng\u00e0nh ng\u00e2n h\u00e0ng.\" \/>\n<meta name=\"robots\" content=\"index, follow, max-snippet:-1, max-image-preview:large, max-video-preview:-1\" \/>\n<link rel=\"canonical\" href=\"https:\/\/vieclamnganhang.vn\/blog\/\" \/>\n<meta property=\"og:locale\" content=\"vi_VN\" \/>\n<meta property=\"og:type\" content=\"article\" \/>\n<meta property=\"og:title\" content=\"Vi\u1ec7c L\u00e0m Ng\u00e2n H\u00e0ng | T\u00ecm vi\u1ec7c l\u00e0m v\u00e0 Kinh nghi\u1ec7m l\u00e0m vi\u1ec7c\" \/>\n<meta property=\"og:description\" content=\"N\u01a1i t\u1eadp trung c\u00e1c chia s\u1ebb c\u00e1c kinh nghi\u1ec7m l\u00e0m vi\u1ec7c v\u00e0 nh\u1eefng th\u00f4ng tin m\u1edbi nh\u1ea5t v\u1ec1 c\u00e1c c\u00f4ng vi\u1ec7c h\u1ea5p d\u1eabn trong ng\u00e0nh ng\u00e2n h\u00e0ng.\" \/>\n<meta property=\"og:url\" content=\"https:\/\/vieclamnganhang.vn\/blog\/\" \/>\n<meta property=\"og:site_name\" content=\"vieclamnganhang\" \/>\n<meta property=\"article:modified_time\" content=\"2023-05-15T03:31:18+00:00\" \/>\n<meta property=\"og:image\" content=\"https:\/\/vieclamnganhang.vn\/blog\/wp-content\/uploads\/2023\/05\/vieclamnganhang-logo.webp\" \/>\n\t<meta property=\"og:image:width\" content=\"500\" \/>\n\t<meta property=\"og:image:height\" content=\"500\" \/>\n\t<meta property=\"og:image:type\" content=\"image\/webp\" \/>\n<meta name=\"twitter:card\" content=\"summary_large_image\" \/>\n<script type=\"application\/ld+json\" class=\"yoast-schema-graph\">{\"@context\":\"https:\/\/schema.org\",\"@graph\":[{\"@type\":\"WebPage\",\"@id\":\"https:\/\/vieclamnganhang.vn\/blog\/\",\"url\":\"https:\/\/vieclamnganhang.vn\/blog\/\",\"name\":\"Vi\u1ec7c L\u00e0m Ng\u00e2n H\u00e0ng | T\u00ecm vi\u1ec7c l\u00e0m v\u00e0 Kinh nghi\u1ec7m l\u00e0m vi\u1ec7c\",\"isPartOf\":{\"@id\":\"https:\/\/vieclamnganhang.vn\/blog\/#website\"},\"datePublished\":\"2021-07-27T08:16:17+00:00\",\"dateModified\":\"2023-05-15T03:31:18+00:00\",\"description\":\"N\u01a1i t\u1eadp trung c\u00e1c chia s\u1ebb c\u00e1c kinh nghi\u1ec7m l\u00e0m vi\u1ec7c v\u00e0 nh\u1eefng th\u00f4ng tin m\u1edbi nh\u1ea5t v\u1ec1 c\u00e1c c\u00f4ng vi\u1ec7c h\u1ea5p d\u1eabn trong ng\u00e0nh ng\u00e2n h\u00e0ng.\",\"breadcrumb\":{\"@id\":\"https:\/\/vieclamnganhang.vn\/blog\/#breadcrumb\"},\"inLanguage\":\"vi\",\"potentialAction\":[{\"@type\":\"ReadAction\",\"target\":[\"https:\/\/vieclamnganhang.vn\/blog\/\"]}]},{\"@type\":\"BreadcrumbList\",\"@id\":\"https:\/\/vieclamnganhang.vn\/blog\/#breadcrumb\",\"itemListElement\":[{\"@type\":\"ListItem\",\"position\":1,\"name\":\"Trang ch\u1ee7\",\"item\":\"https:\/\/vieclamnganhang.vn\/blog\/\"},{\"@type\":\"ListItem\",\"position\":2,\"name\":\"Trang ch\u1ee7\"}]},{\"@type\":\"WebSite\",\"@id\":\"https:\/\/vieclamnganhang.vn\/blog\/#website\",\"url\":\"https:\/\/vieclamnganhang.vn\/blog\/\",\"name\":\"Vi\u1ec7c L\u00e0m Ng\u00e2n H\u00e0ng\",\"description\":\"Chia s\u1ebb kinh nghi\u1ec7m v\u00e0 vi\u1ec7c l\u00e0m t\u1ea1i ng\u00e2n h\u00e0ng\",\"publisher\":{\"@id\":\"https:\/\/vieclamnganhang.vn\/blog\/#organization\"},\"alternateName\":\"Vieclamnganhang\",\"potentialAction\":[{\"@type\":\"SearchAction\",\"target\":{\"@type\":\"EntryPoint\",\"urlTemplate\":\"https:\/\/vieclamnganhang.vn\/blog\/?s={search_term_string}\"},\"query-input\":{\"@type\":\"PropertyValueSpecification\",\"valueRequired\":true,\"valueName\":\"search_term_string\"}}],\"inLanguage\":\"vi\"},{\"@type\":\"Organization\",\"@id\":\"https:\/\/vieclamnganhang.vn\/blog\/#organization\",\"name\":\"Vi\u1ec7c L\u00e0m Ng\u00e2n H\u00e0ng\",\"alternateName\":\"Vieclamnganhang\",\"url\":\"https:\/\/vieclamnganhang.vn\/blog\/\",\"logo\":{\"@type\":\"ImageObject\",\"inLanguage\":\"vi\",\"@id\":\"https:\/\/vieclamnganhang.vn\/blog\/#\/schema\/logo\/image\/\",\"url\":\"https:\/\/vieclamnganhang.vn\/blog\/wp-content\/uploads\/2021\/09\/cropped-viec-ngan-hang-1.png\",\"contentUrl\":\"https:\/\/vieclamnganhang.vn\/blog\/wp-content\/uploads\/2021\/09\/cropped-viec-ngan-hang-1.png\",\"width\":82,\"height\":45,\"caption\":\"Vi\u1ec7c L\u00e0m Ng\u00e2n H\u00e0ng\"},\"image\":{\"@id\":\"https:\/\/vieclamnganhang.vn\/blog\/#\/schema\/logo\/image\/\"}}]}<\/script>\n<!-- \/ Yoast SEO plugin. -->","yoast_head_json":{"title":"Vi\u1ec7c L\u00e0m Ng\u00e2n H\u00e0ng | T\u00ecm vi\u1ec7c l\u00e0m v\u00e0 Kinh nghi\u1ec7m l\u00e0m vi\u1ec7c","description":"N\u01a1i t\u1eadp trung c\u00e1c chia s\u1ebb c\u00e1c kinh nghi\u1ec7m l\u00e0m vi\u1ec7c v\u00e0 nh\u1eefng th\u00f4ng tin m\u1edbi nh\u1ea5t v\u1ec1 c\u00e1c c\u00f4ng vi\u1ec7c h\u1ea5p d\u1eabn trong ng\u00e0nh ng\u00e2n h\u00e0ng.","robots":{"index":"index","follow":"follow","max-snippet":"max-snippet:-1","max-image-preview":"max-image-preview:large","max-video-preview":"max-video-preview:-1"},"canonical":"https:\/\/vieclamnganhang.vn\/blog\/","og_locale":"vi_VN","og_type":"article","og_title":"Vi\u1ec7c L\u00e0m Ng\u00e2n H\u00e0ng | T\u00ecm vi\u1ec7c l\u00e0m v\u00e0 Kinh nghi\u1ec7m l\u00e0m vi\u1ec7c","og_description":"N\u01a1i t\u1eadp trung c\u00e1c chia s\u1ebb c\u00e1c kinh nghi\u1ec7m l\u00e0m vi\u1ec7c v\u00e0 nh\u1eefng th\u00f4ng tin m\u1edbi nh\u1ea5t v\u1ec1 c\u00e1c c\u00f4ng vi\u1ec7c h\u1ea5p d\u1eabn trong ng\u00e0nh ng\u00e2n h\u00e0ng.","og_url":"https:\/\/vieclamnganhang.vn\/blog\/","og_site_name":"vieclamnganhang","article_modified_time":"2023-05-15T03:31:18+00:00","og_image":[{"width":500,"height":500,"url":"https:\/\/vieclamnganhang.vn\/blog\/wp-content\/uploads\/2023\/05\/vieclamnganhang-logo.webp","type":"image\/webp"}],"twitter_card":"summary_large_image","schema":{"@context":"https:\/\/schema.org","@graph":[{"@type":"WebPage","@id":"https:\/\/vieclamnganhang.vn\/blog\/","url":"https:\/\/vieclamnganhang.vn\/blog\/","name":"Vi\u1ec7c L\u00e0m Ng\u00e2n H\u00e0ng | T\u00ecm vi\u1ec7c l\u00e0m v\u00e0 Kinh nghi\u1ec7m l\u00e0m vi\u1ec7c","isPartOf":{"@id":"https:\/\/vieclamnganhang.vn\/blog\/#website"},"datePublished":"2021-07-27T08:16:17+00:00","dateModified":"2023-05-15T03:31:18+00:00","description":"N\u01a1i t\u1eadp trung c\u00e1c chia s\u1ebb c\u00e1c kinh nghi\u1ec7m l\u00e0m vi\u1ec7c v\u00e0 nh\u1eefng th\u00f4ng tin m\u1edbi nh\u1ea5t v\u1ec1 c\u00e1c c\u00f4ng vi\u1ec7c h\u1ea5p d\u1eabn trong ng\u00e0nh ng\u00e2n h\u00e0ng.","breadcrumb":{"@id":"https:\/\/vieclamnganhang.vn\/blog\/#breadcrumb"},"inLanguage":"vi","potentialAction":[{"@type":"ReadAction","target":["https:\/\/vieclamnganhang.vn\/blog\/"]}]},{"@type":"BreadcrumbList","@id":"https:\/\/vieclamnganhang.vn\/blog\/#breadcrumb","itemListElement":[{"@type":"ListItem","position":1,"name":"Trang ch\u1ee7","item":"https:\/\/vieclamnganhang.vn\/blog\/"},{"@type":"ListItem","position":2,"name":"Trang ch\u1ee7"}]},{"@type":"WebSite","@id":"https:\/\/vieclamnganhang.vn\/blog\/#website","url":"https:\/\/vieclamnganhang.vn\/blog\/","name":"Vi\u1ec7c L\u00e0m Ng\u00e2n H\u00e0ng","description":"Chia s\u1ebb kinh nghi\u1ec7m v\u00e0 vi\u1ec7c l\u00e0m t\u1ea1i ng\u00e2n h\u00e0ng","publisher":{"@id":"https:\/\/vieclamnganhang.vn\/blog\/#organization"},"alternateName":"Vieclamnganhang","potentialAction":[{"@type":"SearchAction","target":{"@type":"EntryPoint","urlTemplate":"https:\/\/vieclamnganhang.vn\/blog\/?s={search_term_string}"},"query-input":{"@type":"PropertyValueSpecification","valueRequired":true,"valueName":"search_term_string"}}],"inLanguage":"vi"},{"@type":"Organization","@id":"https:\/\/vieclamnganhang.vn\/blog\/#organization","name":"Vi\u1ec7c L\u00e0m Ng\u00e2n H\u00e0ng","alternateName":"Vieclamnganhang","url":"https:\/\/vieclamnganhang.vn\/blog\/","logo":{"@type":"ImageObject","inLanguage":"vi","@id":"https:\/\/vieclamnganhang.vn\/blog\/#\/schema\/logo\/image\/","url":"https:\/\/vieclamnganhang.vn\/blog\/wp-content\/uploads\/2021\/09\/cropped-viec-ngan-hang-1.png","contentUrl":"https:\/\/vieclamnganhang.vn\/blog\/wp-content\/uploads\/2021\/09\/cropped-viec-ngan-hang-1.png","width":82,"height":45,"caption":"Vi\u1ec7c L\u00e0m Ng\u00e2n H\u00e0ng"},"image":{"@id":"https:\/\/vieclamnganhang.vn\/blog\/#\/schema\/logo\/image\/"}}]}},"_links":{"self":[{"href":"https:\/\/vieclamnganhang.vn\/blog\/wp-json\/wp\/v2\/pages\/391","targetHints":{"allow":["GET"]}}],"collection":[{"href":"https:\/\/vieclamnganhang.vn\/blog\/wp-json\/wp\/v2\/pages"}],"about":[{"href":"https:\/\/vieclamnganhang.vn\/blog\/wp-json\/wp\/v2\/types\/page"}],"author":[{"embeddable":true,"href":"https:\/\/vieclamnganhang.vn\/blog\/wp-json\/wp\/v2\/users\/1"}],"replies":[{"embeddable":true,"href":"https:\/\/vieclamnganhang.vn\/blog\/wp-json\/wp\/v2\/comments?post=391"}],"version-history":[{"count":1,"href":"https:\/\/vieclamnganhang.vn\/blog\/wp-json\/wp\/v2\/pages\/391\/revisions"}],"predecessor-version":[{"id":392,"href":"https:\/\/vieclamnganhang.vn\/blog\/wp-json\/wp\/v2\/pages\/391\/revisions\/392"}],"wp:attachment":[{"href":"https:\/\/vieclamnganhang.vn\/blog\/wp-json\/wp\/v2\/media?parent=391"}],"curies":[{"name":"wp","href":"https:\/\/api.w.org\/{rel}","templated":true}]}}